{"id":21297,"date":"2023-03-13T09:59:50","date_gmt":"2023-03-13T09:59:50","guid":{"rendered":"https:\/\/lingener-baumaschinen.de\/imprint\/"},"modified":"2023-08-11T07:39:32","modified_gmt":"2023-08-11T07:39:32","slug":"imprint","status":"publish","type":"page","link":"https:\/\/lingener-baumaschinen.de\/en\/imprint\/","title":{"rendered":"Imprint"},"content":{"rendered":"\t\t<div data-elementor-type=\"wp-page\" data-elementor-id=\"21297\" class=\"elementor elementor-21297 elementor-14819\" data-elementor-post-type=\"page\">\n\t\t\t\t\t\t<section class=\"elementor-section elementor-top-section elementor-element elementor-element-0d101b6 elementor-section-boxed elementor-section-height-default elementor-section-height-default\" data-id=\"0d101b6\" data-element_type=\"section\" data-e-type=\"section\">\n\t\t\t\t\t\t<div class=\"elementor-container elementor-column-gap-default\">\n\t\t\t\t\t<div class=\"elementor-column elementor-col-100 elementor-top-column elementor-element elementor-element-8aec453\" data-id=\"8aec453\" data-element_type=\"column\" data-e-type=\"column\">\n\t\t\t<div class=\"elementor-widget-wrap elementor-element-populated\">\n\t\t\t\t\t\t<div class=\"elementor-element elementor-element-11c331b elementor-widget elementor-widget-erecht24\" data-id=\"11c331b\" data-element_type=\"widget\" data-e-type=\"widget\" data-widget_type=\"erecht24.default\">\n\t\t\t\t<div class=\"elementor-widget-container\">\n\t\t\t\t\t<div class=\"erecht24-elementor-widget\"><div style=\"word-wrap: break-word;\">\r\n\r\n<h2>Information pursuant to Sect. 5 German Telemedia Act (TMG)<\/h2>\r\n<p>LIBA - Lingener Baumaschinen GmbH &amp; Co. KG<br \/>\r\nDiekstrasse 59<br \/>\r\n49809 Lingen<\/p>\r\n\r\n<p>Commercial Register: HRB 100012<br \/>\r\nRegistration court: Osnabr&uuml;ck<\/p>\r\n\r\n<p><strong>Represented by:<\/strong><br \/>\r\n[Firma und die Anschrift der als Komplement&auml;r eingetragenen GmbH]\r\n\r\n<p>That one represented by:<br \/>\r\nThorsten Schrader<\/p>\r\n\r\n<p>Commercial Register: HRA 100224<br \/>\r\nRegistering court: Osnabr&uuml;ck<\/p>\r\n\r\n<h2>Contact<\/h2>\r\n<p>Phone: +49 (0)591 - 76314<br \/>\r\nTelefax: +49 (0)591 - 76547<br \/>\r\nE-mail: info@lingener-baumaschinen.de<\/p>\r\n\r\n<h2>VAT ID<\/h2>\r\n<p>Sales tax identification number according to Sect. 27 a of the Sales Tax Law:<br \/>\r\nDE 154279934<\/p>\r\n\r\n<h2>Person responsible for editorial<\/h2>\r\n<p>Thorsten Schrader<br \/>\r\nDiekstrasse 59<br \/>\r\n49809 Lingen<\/p>\r\n\r\n<h2>EU dispute resolution<\/h2>\r\n<p>The European Commission provides a platform for online dispute resolution (ODR): <a href=\"https:\/\/ec.europa.eu\/consumers\/odr\/\" target=\"_blank\" rel=\"noopener noreferrer\">https:\/\/ec.europa.eu\/consumers\/odr\/<\/a>.<br \/> Our e-mail address can be found above in the site notice.<\/p>\r\n\r\n<h2>Dispute resolution proceedings in front of a consumer arbitration board<\/h2>\r\n<p>We are not willing or obliged to participate in dispute resolution proceedings in front of a consumer arbitration board.<\/p>\r\n\r\n<p>Photolicence: depositphotos.com\/pressmaster depositphotos.com\/franky242<\/p>\r\n\r\n\r\n<\/div><\/div>\t\t\t\t<\/div>\n\t\t\t\t<\/div>\n\t\t\t\t\t<\/div>\n\t\t<\/div>\n\t\t\t\t\t<\/div>\n\t\t<\/section>\n\t\t\t\t<section class=\"elementor-section elementor-top-section elementor-element elementor-element-5299cf5 elementor-section-boxed elementor-section-height-default elementor-section-height-default\" data-id=\"5299cf5\" data-element_type=\"section\" data-e-type=\"section\">\n\t\t\t\t\t\t<div class=\"elementor-container elementor-column-gap-default\">\n\t\t\t\t\t<div class=\"elementor-column elementor-col-100 elementor-top-column elementor-element elementor-element-5873bf7\" data-id=\"5873bf7\" data-element_type=\"column\" data-e-type=\"column\">\n\t\t\t<div class=\"elementor-widget-wrap elementor-element-populated\">\n\t\t\t\t\t\t<div class=\"elementor-element elementor-element-1fb65c2 elementor-widget elementor-widget-image\" data-id=\"1fb65c2\" data-element_type=\"widget\" data-e-type=\"widget\" data-widget_type=\"image.default\">\n\t\t\t\t<div class=\"elementor-widget-container\">\n\t\t\t\t\t\t\t\t\t\t\t\t\t\t\t<img decoding=\"async\" width=\"230\" height=\"80\" src=\"https:\/\/lingener-baumaschinen.de\/wp-content\/uploads\/2023\/07\/erecht24-grau-impressum-klein.png\" class=\"attachment-large size-large wp-image-19321\" alt=\"\" \/>\t\t\t\t\t\t\t\t\t\t\t\t\t\t\t<\/div>\n\t\t\t\t<\/div>\n\t\t\t\t\t<\/div>\n\t\t<\/div>\n\t\t\t\t\t<\/div>\n\t\t<\/section>\n\t\t\t\t<\/div>\n\t\t","protected":false},"excerpt":{"rendered":"<p>Information pursuant to Sect. 5 German Telemedia Act (TMG) LIBA &ndash; Lingener Baumaschinen GmbH &amp; Co. KG Diekstrasse 59 49809 Lingen Commercial Register: HRA 100224 Registration court: Osnabr&uuml;ck Represented by: LIBA &ndash; Lingener Baumaschinen GmbH Thorsten Schrader Contact Phone: +49 (0)591 &ndash; 76314 Telefax: +49 (0)591 &ndash; 76547 E-mail: info@lingener-baumaschinen.de VAT ID Sales tax identification &#8230; <a title=\"Imprint\" class=\"read-more\" href=\"https:\/\/lingener-baumaschinen.de\/en\/imprint\/\" aria-label=\"Read more about Imprint\">Weiterlesen &#8230;<\/a><\/p>\n","protected":false},"author":1,"featured_media":0,"parent":0,"menu_order":0,"comment_status":"closed","ping_status":"closed","template":"","meta":{"ngg_post_thumbnail":0,"footnotes":""},"class_list":["post-21297","page","type-page","status-publish"],"yoast_head":"<!-- This site is optimized with the Yoast SEO Premium plugin v27.5 (Yoast SEO v27.5) - https:\/\/yoast.com\/product\/yoast-seo-premium-wordpress\/ -->\n<title>Imprint - Lingener Baumaschinen<\/title>\n<meta name=\"description\" content=\"Lingener Baumaschinen\" \/>\n<meta name=\"robots\" content=\"index, follow, max-snippet:-1, max-image-preview:large, max-video-preview:-1\" \/>\n<link rel=\"canonical\" href=\"https:\/\/lingener-baumaschinen.de\/en\/imprint\/\" \/>\n<meta property=\"og:locale\" content=\"en_US\" \/>\n<meta property=\"og:type\" content=\"article\" \/>\n<meta property=\"og:title\" content=\"Imprint\" \/>\n<meta property=\"og:description\" content=\"Lingener Baumaschinen\" \/>\n<meta property=\"og:url\" content=\"https:\/\/lingener-baumaschinen.de\/en\/imprint\/\" \/>\n<meta property=\"og:site_name\" content=\"Lingener Baumaschinen\" \/>\n<meta property=\"article:modified_time\" content=\"2023-08-11T07:39:32+00:00\" \/>\n<meta property=\"og:image\" content=\"https:\/\/lingener-baumaschinen.de\/wp-content\/uploads\/2023\/07\/erecht24-grau-impressum-klein.png\" \/>\n<meta name=\"twitter:card\" content=\"summary_large_image\" \/>\n<script type=\"application\/ld+json\" class=\"yoast-schema-graph\">{\"@context\":\"https:\\\/\\\/schema.org\",\"@graph\":[{\"@type\":\"WebPage\",\"@id\":\"https:\\\/\\\/lingener-baumaschinen.de\\\/en\\\/imprint\\\/\",\"url\":\"https:\\\/\\\/lingener-baumaschinen.de\\\/en\\\/imprint\\\/\",\"name\":\"Imprint - Lingener Baumaschinen\",\"isPartOf\":{\"@id\":\"https:\\\/\\\/lingener-baumaschinen.de\\\/#website\"},\"primaryImageOfPage\":{\"@id\":\"https:\\\/\\\/lingener-baumaschinen.de\\\/en\\\/imprint\\\/#primaryimage\"},\"image\":{\"@id\":\"https:\\\/\\\/lingener-baumaschinen.de\\\/en\\\/imprint\\\/#primaryimage\"},\"thumbnailUrl\":\"https:\\\/\\\/lingener-baumaschinen.de\\\/wp-content\\\/uploads\\\/2023\\\/07\\\/erecht24-grau-impressum-klein.png\",\"datePublished\":\"2023-03-13T09:59:50+00:00\",\"dateModified\":\"2023-08-11T07:39:32+00:00\",\"description\":\"Lingener Baumaschinen\",\"breadcrumb\":{\"@id\":\"https:\\\/\\\/lingener-baumaschinen.de\\\/en\\\/imprint\\\/#breadcrumb\"},\"inLanguage\":\"en-US\",\"potentialAction\":[{\"@type\":\"ReadAction\",\"target\":[\"https:\\\/\\\/lingener-baumaschinen.de\\\/en\\\/imprint\\\/\"]}]},{\"@type\":\"ImageObject\",\"inLanguage\":\"en-US\",\"@id\":\"https:\\\/\\\/lingener-baumaschinen.de\\\/en\\\/imprint\\\/#primaryimage\",\"url\":\"https:\\\/\\\/lingener-baumaschinen.de\\\/wp-content\\\/uploads\\\/2023\\\/07\\\/erecht24-grau-impressum-klein.png\",\"contentUrl\":\"https:\\\/\\\/lingener-baumaschinen.de\\\/wp-content\\\/uploads\\\/2023\\\/07\\\/erecht24-grau-impressum-klein.png\"},{\"@type\":\"BreadcrumbList\",\"@id\":\"https:\\\/\\\/lingener-baumaschinen.de\\\/en\\\/imprint\\\/#breadcrumb\",\"itemListElement\":[{\"@type\":\"ListItem\",\"position\":1,\"name\":\"Startseite\",\"item\":\"https:\\\/\\\/lingener-baumaschinen.de\\\/en\\\/\"},{\"@type\":\"ListItem\",\"position\":2,\"name\":\"Imprint\"}]},{\"@type\":\"WebSite\",\"@id\":\"https:\\\/\\\/lingener-baumaschinen.de\\\/#website\",\"url\":\"https:\\\/\\\/lingener-baumaschinen.de\\\/\",\"name\":\"Lingener Baumaschinen\",\"description\":\"Schneller und effizienter mit Grabenfr\u00e4sen arbeiten\",\"publisher\":{\"@id\":\"https:\\\/\\\/lingener-baumaschinen.de\\\/#organization\"},\"alternateName\":\"LIBA Grabenfr\u00e4sen\",\"potentialAction\":[{\"@type\":\"SearchAction\",\"target\":{\"@type\":\"EntryPoint\",\"urlTemplate\":\"https:\\\/\\\/lingener-baumaschinen.de\\\/?s={search_term_string}\"},\"query-input\":{\"@type\":\"PropertyValueSpecification\",\"valueRequired\":true,\"valueName\":\"search_term_string\"}}],\"inLanguage\":\"en-US\"},{\"@type\":\"Organization\",\"@id\":\"https:\\\/\\\/lingener-baumaschinen.de\\\/#organization\",\"name\":\"Lingener Baumaschinen\",\"alternateName\":\"Hersteller von Grabenfr\u00e4sen\",\"url\":\"https:\\\/\\\/lingener-baumaschinen.de\\\/\",\"logo\":{\"@type\":\"ImageObject\",\"inLanguage\":\"en-US\",\"@id\":\"https:\\\/\\\/lingener-baumaschinen.de\\\/#\\\/schema\\\/logo\\\/image\\\/\",\"url\":\"https:\\\/\\\/lingener-baumaschinen.de\\\/wp-content\\\/uploads\\\/2024\\\/03\\\/cropped-logo.webp\",\"contentUrl\":\"https:\\\/\\\/lingener-baumaschinen.de\\\/wp-content\\\/uploads\\\/2024\\\/03\\\/cropped-logo.webp\",\"width\":227,\"height\":69,\"caption\":\"Lingener Baumaschinen\"},\"image\":{\"@id\":\"https:\\\/\\\/lingener-baumaschinen.de\\\/#\\\/schema\\\/logo\\\/image\\\/\"},\"description\":\"Lingener Baumaschinen ist ein Unternehmen mit Sitz in Lingen (Ems), Deutschland sowie H\u00e4ndlern in praktisch allen Teilen der Welt, das auf die Herstellung, den Verkauf, die Vermietung und den Service von Grabenfr\u00e4sen spezialisiert ist. Das Unternehmen wurde 1969 gegr\u00fcndet und hat seitdem eine breite Palette von Produkten und Dienstleistungen entwickelt, die auf die Bed\u00fcrfnisse von Kunden in verschiedenen Branchen zugeschnitten sind.\",\"email\":\"info@lingener-baumaschinen.de\",\"telephone\":\"+49 (0) 591 76 314\",\"legalName\":\"Lingener Baumaschinen GmbH & Co. KG\",\"foundingDate\":\"1969-01-01\",\"vatID\":\"DE 154279934\"}]}<\/script>\n<!-- \/ Yoast SEO Premium plugin. -->","yoast_head_json":{"title":"Imprint - Lingener Baumaschinen","description":"Lingener Baumaschinen","robots":{"index":"index","follow":"follow","max-snippet":"max-snippet:-1","max-image-preview":"max-image-preview:large","max-video-preview":"max-video-preview:-1"},"canonical":"https:\/\/lingener-baumaschinen.de\/en\/imprint\/","og_locale":"en_US","og_type":"article","og_title":"Imprint","og_description":"Lingener Baumaschinen","og_url":"https:\/\/lingener-baumaschinen.de\/en\/imprint\/","og_site_name":"Lingener Baumaschinen","article_modified_time":"2023-08-11T07:39:32+00:00","og_image":[{"url":"https:\/\/lingener-baumaschinen.de\/wp-content\/uploads\/2023\/07\/erecht24-grau-impressum-klein.png","type":"","width":"","height":""}],"twitter_card":"summary_large_image","schema":{"@context":"https:\/\/schema.org","@graph":[{"@type":"WebPage","@id":"https:\/\/lingener-baumaschinen.de\/en\/imprint\/","url":"https:\/\/lingener-baumaschinen.de\/en\/imprint\/","name":"Imprint - Lingener Baumaschinen","isPartOf":{"@id":"https:\/\/lingener-baumaschinen.de\/#website"},"primaryImageOfPage":{"@id":"https:\/\/lingener-baumaschinen.de\/en\/imprint\/#primaryimage"},"image":{"@id":"https:\/\/lingener-baumaschinen.de\/en\/imprint\/#primaryimage"},"thumbnailUrl":"https:\/\/lingener-baumaschinen.de\/wp-content\/uploads\/2023\/07\/erecht24-grau-impressum-klein.png","datePublished":"2023-03-13T09:59:50+00:00","dateModified":"2023-08-11T07:39:32+00:00","description":"Lingener Baumaschinen","breadcrumb":{"@id":"https:\/\/lingener-baumaschinen.de\/en\/imprint\/#breadcrumb"},"inLanguage":"en-US","potentialAction":[{"@type":"ReadAction","target":["https:\/\/lingener-baumaschinen.de\/en\/imprint\/"]}]},{"@type":"ImageObject","inLanguage":"en-US","@id":"https:\/\/lingener-baumaschinen.de\/en\/imprint\/#primaryimage","url":"https:\/\/lingener-baumaschinen.de\/wp-content\/uploads\/2023\/07\/erecht24-grau-impressum-klein.png","contentUrl":"https:\/\/lingener-baumaschinen.de\/wp-content\/uploads\/2023\/07\/erecht24-grau-impressum-klein.png"},{"@type":"BreadcrumbList","@id":"https:\/\/lingener-baumaschinen.de\/en\/imprint\/#breadcrumb","itemListElement":[{"@type":"ListItem","position":1,"name":"Startseite","item":"https:\/\/lingener-baumaschinen.de\/en\/"},{"@type":"ListItem","position":2,"name":"Imprint"}]},{"@type":"WebSite","@id":"https:\/\/lingener-baumaschinen.de\/#website","url":"https:\/\/lingener-baumaschinen.de\/","name":"Lingener Baumaschinen","description":"Schneller und effizienter mit Grabenfr\u00e4sen arbeiten","publisher":{"@id":"https:\/\/lingener-baumaschinen.de\/#organization"},"alternateName":"LIBA Grabenfr\u00e4sen","potentialAction":[{"@type":"SearchAction","target":{"@type":"EntryPoint","urlTemplate":"https:\/\/lingener-baumaschinen.de\/?s={search_term_string}"},"query-input":{"@type":"PropertyValueSpecification","valueRequired":true,"valueName":"search_term_string"}}],"inLanguage":"en-US"},{"@type":"Organization","@id":"https:\/\/lingener-baumaschinen.de\/#organization","name":"Lingener Baumaschinen","alternateName":"Hersteller von Grabenfr\u00e4sen","url":"https:\/\/lingener-baumaschinen.de\/","logo":{"@type":"ImageObject","inLanguage":"en-US","@id":"https:\/\/lingener-baumaschinen.de\/#\/schema\/logo\/image\/","url":"https:\/\/lingener-baumaschinen.de\/wp-content\/uploads\/2024\/03\/cropped-logo.webp","contentUrl":"https:\/\/lingener-baumaschinen.de\/wp-content\/uploads\/2024\/03\/cropped-logo.webp","width":227,"height":69,"caption":"Lingener Baumaschinen"},"image":{"@id":"https:\/\/lingener-baumaschinen.de\/#\/schema\/logo\/image\/"},"description":"Lingener Baumaschinen ist ein Unternehmen mit Sitz in Lingen (Ems), Deutschland sowie H\u00e4ndlern in praktisch allen Teilen der Welt, das auf die Herstellung, den Verkauf, die Vermietung und den Service von Grabenfr\u00e4sen spezialisiert ist. Das Unternehmen wurde 1969 gegr\u00fcndet und hat seitdem eine breite Palette von Produkten und Dienstleistungen entwickelt, die auf die Bed\u00fcrfnisse von Kunden in verschiedenen Branchen zugeschnitten sind.","email":"info@lingener-baumaschinen.de","telephone":"+49 (0) 591 76 314","legalName":"Lingener Baumaschinen GmbH & Co. KG","foundingDate":"1969-01-01","vatID":"DE 154279934"}]}},"_links":{"self":[{"href":"https:\/\/lingener-baumaschinen.de\/en\/wp-json\/wp\/v2\/pages\/21297","targetHints":{"allow":["GET"]}}],"collection":[{"href":"https:\/\/lingener-baumaschinen.de\/en\/wp-json\/wp\/v2\/pages"}],"about":[{"href":"https:\/\/lingener-baumaschinen.de\/en\/wp-json\/wp\/v2\/types\/page"}],"author":[{"embeddable":true,"href":"https:\/\/lingener-baumaschinen.de\/en\/wp-json\/wp\/v2\/users\/1"}],"replies":[{"embeddable":true,"href":"https:\/\/lingener-baumaschinen.de\/en\/wp-json\/wp\/v2\/comments?post=21297"}],"version-history":[{"count":0,"href":"https:\/\/lingener-baumaschinen.de\/en\/wp-json\/wp\/v2\/pages\/21297\/revisions"}],"wp:attachment":[{"href":"https:\/\/lingener-baumaschinen.de\/en\/wp-json\/wp\/v2\/media?parent=21297"}],"curies":[{"name":"wp","href":"https:\/\/api.w.org\/{rel}","templated":true}]}}