{"id":21337,"date":"2023-05-27T08:01:29","date_gmt":"2023-05-27T08:01:29","guid":{"rendered":"https:\/\/lingener-baumaschinen.de\/rental-request\/"},"modified":"2025-11-18T09:54:02","modified_gmt":"2025-11-18T09:54:02","slug":"rental-request","status":"publish","type":"page","link":"https:\/\/lingener-baumaschinen.de\/en\/rental-request\/","title":{"rendered":"Rental request"},"content":{"rendered":"\t\t<div data-elementor-type=\"wp-page\" data-elementor-id=\"21337\" class=\"elementor elementor-21337 elementor-17734\" data-elementor-post-type=\"page\">\n\t\t\t\t\t\t<section class=\"elementor-section elementor-top-section elementor-element elementor-element-cd51fba elementor-section-boxed elementor-section-height-default elementor-section-height-default\" data-id=\"cd51fba\" data-element_type=\"section\" data-e-type=\"section\">\n\t\t\t\t\t\t<div class=\"elementor-container elementor-column-gap-default\">\n\t\t\t\t\t<div class=\"elementor-column elementor-col-100 elementor-top-column elementor-element elementor-element-66cb60d\" data-id=\"66cb60d\" data-element_type=\"column\" data-e-type=\"column\">\n\t\t\t<div class=\"elementor-widget-wrap elementor-element-populated\">\n\t\t\t\t\t\t<div class=\"elementor-element elementor-element-a68d12a elementor-widget elementor-widget-shortcode\" data-id=\"a68d12a\" data-element_type=\"widget\" data-e-type=\"widget\" data-widget_type=\"shortcode.default\">\n\t\t\t\t<div class=\"elementor-widget-container\">\n\t\t\t\t\t\t\t<div class=\"elementor-shortcode\"><div class=\"wpforms-container wpforms-container-full wpforms-render-modern\" id=\"wpforms-18096\"><form id=\"wpforms-form-18096\" class=\"wpforms-validate wpforms-form\" data-formid=\"18096\" method=\"post\" enctype=\"multipart\/form-data\" action=\"\/en\/wp-json\/wp\/v2\/pages\/21337\" data-token=\"f4b5bb7552fd610a43d0db1c259dcfed\" data-token-time=\"1775782162\"><noscript class=\"wpforms-error-noscript\">Please enable JavaScript in your browser to complete this form.<\/noscript><div class=\"wpforms-hidden\" id=\"wpforms-error-noscript\">Please enable JavaScript in your browser to complete this form.<\/div><div class=\"wpforms-field-container\"><div id=\"wpforms-18096-field_1-container\" class=\"wpforms-field wpforms-field-text\" data-field-id=\"1\"><label class=\"wpforms-field-label\" for=\"wpforms-18096-field_1\">Company name <span class=\"wpforms-required-label\" aria-hidden=\"true\">*<\/span><\/label><input type=\"text\" id=\"wpforms-18096-field_1\" class=\"wpforms-field-large wpforms-field-required\" name=\"wpforms[fields][1]\" aria-errormessage=\"wpforms-18096-field_1-error\" required><\/div><div id=\"wpforms-18096-field_2-container\" class=\"wpforms-field wpforms-field-name\" data-field-id=\"2\"><fieldset><legend class=\"wpforms-field-label\">Name <span class=\"wpforms-required-label\" aria-hidden=\"true\">*<\/span><\/legend><div class=\"wpforms-field-row wpforms-field-large\"><div class=\"wpforms-field-row-block wpforms-first wpforms-one-half\"><input type=\"text\" id=\"wpforms-18096-field_2\" class=\"wpforms-field-name-first wpforms-field-required\" name=\"wpforms[fields][2][first]\" aria-errormessage=\"wpforms-18096-field_2-error\" required><label for=\"wpforms-18096-field_2\" class=\"wpforms-field-sublabel after\">Vorname<\/label><\/div><div class=\"wpforms-field-row-block wpforms-one-half\"><input type=\"text\" id=\"wpforms-18096-field_2-last\" class=\"wpforms-field-name-last wpforms-field-required\" name=\"wpforms[fields][2][last]\" aria-errormessage=\"wpforms-18096-field_2-last-error\" required><label for=\"wpforms-18096-field_2-last\" class=\"wpforms-field-sublabel after\">Nachname<\/label><\/div><\/div><\/fieldset><\/div><div id=\"wpforms-18096-field_3-container\" class=\"wpforms-field wpforms-field-text wpforms-one-half wpforms-first\" data-field-id=\"3\"><label class=\"wpforms-field-label\" for=\"wpforms-18096-field_3\">Street and no. <span class=\"wpforms-required-label\" aria-hidden=\"true\">*<\/span><\/label><input type=\"text\" id=\"wpforms-18096-field_3\" class=\"wpforms-field-large wpforms-field-required\" name=\"wpforms[fields][3]\" aria-errormessage=\"wpforms-18096-field_3-error\" required><\/div><div id=\"wpforms-18096-field_4-container\" class=\"wpforms-field wpforms-field-text wpforms-one-half\" data-field-id=\"4\"><label class=\"wpforms-field-label\" for=\"wpforms-18096-field_4\">PLZ Und Ort <span class=\"wpforms-required-label\" aria-hidden=\"true\">*<\/span><\/label><input type=\"text\" id=\"wpforms-18096-field_4\" class=\"wpforms-field-large wpforms-field-required\" name=\"wpforms[fields][4]\" aria-errormessage=\"wpforms-18096-field_4-error\" required><\/div><div id=\"wpforms-18096-field_6-container\" class=\"wpforms-field wpforms-field-phone wpforms-one-third wpforms-first\" data-field-id=\"6\"><label class=\"wpforms-field-label\" for=\"wpforms-18096-field_6\">Phone<\/label><input type=\"tel\" id=\"wpforms-18096-field_6\" class=\"wpforms-field-large wpforms-masked-input\" data-inputmask=\"&#039;mask&#039;: &#039;(999) 999-9999&#039;\" data-rule-us-phone-field=\"true\" data-inputmask-inputmode=\"tel\" name=\"wpforms[fields][6]\" aria-errormessage=\"wpforms-18096-field_6-error\" ><\/div><div id=\"wpforms-18096-field_5-container\" class=\"wpforms-field wpforms-field-text wpforms-one-third\" data-field-id=\"5\"><label class=\"wpforms-field-label\" for=\"wpforms-18096-field_5\">Fax<\/label><input type=\"text\" id=\"wpforms-18096-field_5\" class=\"wpforms-field-large\" name=\"wpforms[fields][5]\" aria-errormessage=\"wpforms-18096-field_5-error\" ><\/div><div id=\"wpforms-18096-field_7-container\" class=\"wpforms-field wpforms-field-email wpforms-one-third\" data-field-id=\"7\"><label class=\"wpforms-field-label\" for=\"wpforms-18096-field_7\">E-mail <span class=\"wpforms-required-label\" aria-hidden=\"true\">*<\/span><\/label><input type=\"email\" id=\"wpforms-18096-field_7\" class=\"wpforms-field-large wpforms-field-required\" name=\"wpforms[fields][7]\" spellcheck=\"false\" aria-errormessage=\"wpforms-18096-field_7-error\" required><\/div><div id=\"wpforms-18096-field_8-container\" class=\"wpforms-field wpforms-field-text wpforms-one-third wpforms-first\" data-field-id=\"8\"><label class=\"wpforms-field-label\" for=\"wpforms-18096-field_8\">Grabenbreite in cm <span class=\"wpforms-required-label\" aria-hidden=\"true\">*<\/span><\/label><input type=\"text\" id=\"wpforms-18096-field_8\" class=\"wpforms-field-large wpforms-field-required\" name=\"wpforms[fields][8]\" aria-errormessage=\"wpforms-18096-field_8-error\" required><\/div><div id=\"wpforms-18096-field_10-container\" class=\"wpforms-field wpforms-field-text wpforms-one-third\" data-field-id=\"10\"><label class=\"wpforms-field-label\" for=\"wpforms-18096-field_10\">Grabentiefe in cm <span class=\"wpforms-required-label\" aria-hidden=\"true\">*<\/span><\/label><input type=\"text\" id=\"wpforms-18096-field_10\" class=\"wpforms-field-large wpforms-field-required\" name=\"wpforms[fields][10]\" aria-errormessage=\"wpforms-18096-field_10-error\" required><\/div><div id=\"wpforms-18096-field_9-container\" class=\"wpforms-field wpforms-field-text wpforms-one-third\" data-field-id=\"9\"><label class=\"wpforms-field-label\" for=\"wpforms-18096-field_9\">Milling quantity (linear meter)<\/label><input type=\"text\" id=\"wpforms-18096-field_9\" class=\"wpforms-field-large\" name=\"wpforms[fields][9]\" aria-errormessage=\"wpforms-18096-field_9-error\" ><\/div><div id=\"wpforms-18096-field_11-container\" class=\"wpforms-field wpforms-field-text wpforms-one-half wpforms-first\" data-field-id=\"11\"><label class=\"wpforms-field-label\" for=\"wpforms-18096-field_11\">Was soll verlegt werden? <span class=\"wpforms-required-label\" aria-hidden=\"true\">*<\/span><\/label><input type=\"text\" id=\"wpforms-18096-field_11\" class=\"wpforms-field-large wpforms-field-required\" name=\"wpforms[fields][11]\" aria-errormessage=\"wpforms-18096-field_11-error\" required><\/div><div id=\"wpforms-18096-field_21-container\" class=\"wpforms-field wpforms-field-text\" data-field-id=\"21\"><label class=\"wpforms-field-label\" for=\"wpforms-18096-field_21\">Zeitraum der Baustelle <span class=\"wpforms-required-label\" aria-hidden=\"true\">*<\/span><\/label><input type=\"text\" id=\"wpforms-18096-field_21\" class=\"wpforms-field-medium wpforms-field-required\" name=\"wpforms[fields][21]\" aria-errormessage=\"wpforms-18096-field_21-error\" aria-describedby=\"wpforms-18096-field_21-description\" required><div id=\"wpforms-18096-field_21-description\" class=\"wpforms-field-description\">Bitte geben Sie den Zeitraum an, in dem die Bauma\u00dfnahmen geplant sind.<\/div><\/div><div id=\"wpforms-18096-field_12-container\" class=\"wpforms-field wpforms-field-text wpforms-one-half\" data-field-id=\"12\"><label class=\"wpforms-field-label\" for=\"wpforms-18096-field_12\">Location with zip code <span class=\"wpforms-required-label\" aria-hidden=\"true\">*<\/span><\/label><input type=\"text\" id=\"wpforms-18096-field_12\" class=\"wpforms-field-large wpforms-field-required\" name=\"wpforms[fields][12]\" aria-errormessage=\"wpforms-18096-field_12-error\" required><\/div><div id=\"wpforms-18096-field_14-container\" class=\"wpforms-field wpforms-field-textarea\" data-field-id=\"14\"><label class=\"wpforms-field-label\" for=\"wpforms-18096-field_14\">Um welche Bodenoberfl\u00e4che handelt es sich? <span class=\"wpforms-required-label\" aria-hidden=\"true\">*<\/span><\/label><textarea id=\"wpforms-18096-field_14\" class=\"wpforms-field-medium wpforms-field-required\" name=\"wpforms[fields][14]\" aria-errormessage=\"wpforms-18096-field_14-error\" required><\/textarea><\/div><div id=\"wpforms-18096-field_13-container\" class=\"wpforms-field wpforms-field-text wpforms-one-half wpforms-first\" data-field-id=\"13\"><label class=\"wpforms-field-label\" for=\"wpforms-18096-field_13\">Kennen Sie die Bodenklasse?<\/label><input type=\"text\" id=\"wpforms-18096-field_13\" class=\"wpforms-field-large\" name=\"wpforms[fields][13]\" aria-errormessage=\"wpforms-18096-field_13-error\" aria-describedby=\"wpforms-18096-field_13-description\" ><div id=\"wpforms-18096-field_13-description\" class=\"wpforms-field-description\">If you know the soil class, please fill it in<\/div><\/div><div id=\"wpforms-18096-field_15-container\" class=\"wpforms-field wpforms-field-checkbox wpforms-one-half\" data-field-id=\"15\"><fieldset><legend class=\"wpforms-field-label\">Ich\/Wir w\u00fcnschen zus\u00e4tzlich:<\/legend><ul id=\"wpforms-18096-field_15\"><li class=\"choice-1 depth-1\"><input type=\"checkbox\" id=\"wpforms-18096-field_15_1\" name=\"wpforms[fields][15][]\" value=\"Laser setting\" aria-errormessage=\"wpforms-18096-field_15_1-error\"  ><label class=\"wpforms-field-label-inline\" for=\"wpforms-18096-field_15_1\">Laser setting<\/label><\/li><li class=\"choice-2 depth-1\"><input type=\"checkbox\" id=\"wpforms-18096-field_15_2\" name=\"wpforms[fields][15][]\" value=\"Verladebandgestellung\" aria-errormessage=\"wpforms-18096-field_15_2-error\"  ><label class=\"wpforms-field-label-inline\" for=\"wpforms-18096-field_15_2\">Verladebandgestellung<\/label><\/li><li class=\"choice-3 depth-1\"><input type=\"checkbox\" id=\"wpforms-18096-field_15_3\" name=\"wpforms[fields][15][]\" value=\"Backfill hopper provision\" aria-errormessage=\"wpforms-18096-field_15_3-error\"  ><label class=\"wpforms-field-label-inline\" for=\"wpforms-18096-field_15_3\">Backfill hopper provision<\/label><\/li><li class=\"choice-4 depth-1\"><input type=\"checkbox\" id=\"wpforms-18096-field_15_4\" name=\"wpforms[fields][15][]\" value=\"Trichtergestellung\" aria-errormessage=\"wpforms-18096-field_15_4-error\"  ><label class=\"wpforms-field-label-inline\" for=\"wpforms-18096-field_15_4\">Trichtergestellung<\/label><\/li><li class=\"choice-5 depth-1\"><input type=\"checkbox\" id=\"wpforms-18096-field_15_5\" name=\"wpforms[fields][15][]\" value=\"Screw presentation\" aria-errormessage=\"wpforms-18096-field_15_5-error\"  ><label class=\"wpforms-field-label-inline\" for=\"wpforms-18096-field_15_5\">Screw presentation<\/label><\/li><\/ul><\/fieldset><\/div><div id=\"wpforms-18096-field_16-container\" class=\"wpforms-field wpforms-field-checkbox\" data-field-id=\"16\"><fieldset><legend class=\"wpforms-field-label\">Declaration of consent <span class=\"wpforms-required-label\" aria-hidden=\"true\">*<\/span><\/legend><ul id=\"wpforms-18096-field_16\" class=\"wpforms-field-required\"><li class=\"choice-1 depth-1\"><input type=\"checkbox\" id=\"wpforms-18096-field_16_1\" name=\"wpforms[fields][16][]\" value=\"Ja, ich habe die Datenschutzerkl\u00e4rung https:\/\/lingener-baumaschinen.de\/datenschutzerklaerung\/ zur Kenntnis genommen und erkl\u00e4re mich damit einverstanden.)\" aria-errormessage=\"wpforms-18096-field_16_1-error\" required ><label class=\"wpforms-field-label-inline\" for=\"wpforms-18096-field_16_1\">Ja, ich habe die Datenschutzerkl\u00e4rung https:\/\/lingener-baumaschinen.de\/datenschutzerklaerung\/ zur Kenntnis genommen und erkl\u00e4re mich damit einverstanden.)<\/label><\/li><\/ul><\/fieldset><\/div><\/div><!-- .wpforms-field-container --><div class=\"wpforms-recaptcha-container wpforms-is-turnstile\" ><div class=\"g-recaptcha\" data-sitekey=\"0x4AAAAAAAOY2KgRr4nnRnMa\" data-action=\"FormID-18096\"><\/div><input type=\"text\" name=\"g-recaptcha-hidden\" class=\"wpforms-recaptcha-hidden\" style=\"position:absolute!important;clip:rect(0,0,0,0)!important;height:1px!important;width:1px!important;border:0!important;overflow:hidden!important;padding:0!important;margin:0!important;\" data-rule-turnstile=\"1\"><\/div><div class=\"wpforms-submit-container\" ><input type=\"hidden\" name=\"wpforms[id]\" value=\"18096\"><input type=\"hidden\" name=\"page_title\" value=\"\"><input type=\"hidden\" name=\"page_url\" value=\"https:\/\/lingener-baumaschinen.de\/en\/wp-json\/wp\/v2\/pages\/21337\"><button type=\"submit\" name=\"wpforms[submit]\" id=\"wpforms-submit-18096\" class=\"wpforms-submit\" data-alt-text=\"Senden...\" data-submit-text=\"Submit\" aria-live=\"assertive\" value=\"wpforms-submit\">Submit<\/button><\/div><\/form><\/div>  <!-- .wpforms-container --><\/div>\n\t\t\t\t\t\t<\/div>\n\t\t\t\t<\/div>\n\t\t\t\t\t<\/div>\n\t\t<\/div>\n\t\t\t\t\t<\/div>\n\t\t<\/section>\n\t\t\t\t<\/div>\n\t\t","protected":false},"excerpt":{"rendered":"","protected":false},"author":1,"featured_media":0,"parent":0,"menu_order":0,"comment_status":"closed","ping_status":"closed","template":"elementor_theme","meta":{"ngg_post_thumbnail":0,"footnotes":""},"class_list":["post-21337","page","type-page","status-publish"],"yoast_head":"<!-- This site is optimized with the Yoast SEO Premium plugin v27.3 (Yoast SEO v27.3) - https:\/\/yoast.com\/product\/yoast-seo-premium-wordpress\/ -->\n<title>Rental request - Lingener Baumaschinen<\/title>\n<meta name=\"description\" content=\"Lingener Baumaschinen\" \/>\n<meta name=\"robots\" content=\"index, follow, max-snippet:-1, max-image-preview:large, max-video-preview:-1\" \/>\n<link rel=\"canonical\" href=\"https:\/\/lingener-baumaschinen.de\/en\/rental-request\/\" \/>\n<meta property=\"og:locale\" content=\"en_US\" \/>\n<meta property=\"og:type\" content=\"article\" \/>\n<meta property=\"og:title\" content=\"Rental request\" \/>\n<meta property=\"og:description\" content=\"Lingener Baumaschinen\" \/>\n<meta property=\"og:url\" content=\"https:\/\/lingener-baumaschinen.de\/en\/rental-request\/\" \/>\n<meta property=\"og:site_name\" content=\"Lingener Baumaschinen\" \/>\n<meta property=\"article:modified_time\" content=\"2025-11-18T09:54:02+00:00\" \/>\n<meta property=\"og:image\" content=\"https:\/\/lingener-baumaschinen.de\/wp-content\/uploads\/2023\/10\/2023-10-25-12_51_33-Willkommen-Lingener-Baumaschinen.jpg\" \/>\n\t<meta property=\"og:image:width\" content=\"500\" \/>\n\t<meta property=\"og:image:height\" content=\"108\" \/>\n\t<meta property=\"og:image:type\" content=\"image\/jpeg\" \/>\n<meta name=\"twitter:card\" content=\"summary_large_image\" \/>\n<script type=\"application\/ld+json\" class=\"yoast-schema-graph\">{\"@context\":\"https:\\\/\\\/schema.org\",\"@graph\":[{\"@type\":\"WebPage\",\"@id\":\"https:\\\/\\\/lingener-baumaschinen.de\\\/en\\\/rental-request\\\/\",\"url\":\"https:\\\/\\\/lingener-baumaschinen.de\\\/en\\\/rental-request\\\/\",\"name\":\"Rental request - Lingener Baumaschinen\",\"isPartOf\":{\"@id\":\"https:\\\/\\\/lingener-baumaschinen.de\\\/#website\"},\"datePublished\":\"2023-05-27T08:01:29+00:00\",\"dateModified\":\"2025-11-18T09:54:02+00:00\",\"description\":\"Lingener Baumaschinen\",\"breadcrumb\":{\"@id\":\"https:\\\/\\\/lingener-baumaschinen.de\\\/en\\\/rental-request\\\/#breadcrumb\"},\"inLanguage\":\"en-US\",\"potentialAction\":[{\"@type\":\"ReadAction\",\"target\":[\"https:\\\/\\\/lingener-baumaschinen.de\\\/en\\\/rental-request\\\/\"]}]},{\"@type\":\"BreadcrumbList\",\"@id\":\"https:\\\/\\\/lingener-baumaschinen.de\\\/en\\\/rental-request\\\/#breadcrumb\",\"itemListElement\":[{\"@type\":\"ListItem\",\"position\":1,\"name\":\"Startseite\",\"item\":\"https:\\\/\\\/lingener-baumaschinen.de\\\/en\\\/\"},{\"@type\":\"ListItem\",\"position\":2,\"name\":\"Rental request\"}]},{\"@type\":\"WebSite\",\"@id\":\"https:\\\/\\\/lingener-baumaschinen.de\\\/#website\",\"url\":\"https:\\\/\\\/lingener-baumaschinen.de\\\/\",\"name\":\"Lingener Baumaschinen\",\"description\":\"Schneller und effizienter mit Grabenfr\u00e4sen arbeiten\",\"publisher\":{\"@id\":\"https:\\\/\\\/lingener-baumaschinen.de\\\/#organization\"},\"alternateName\":\"LIBA Grabenfr\u00e4sen\",\"potentialAction\":[{\"@type\":\"SearchAction\",\"target\":{\"@type\":\"EntryPoint\",\"urlTemplate\":\"https:\\\/\\\/lingener-baumaschinen.de\\\/?s={search_term_string}\"},\"query-input\":{\"@type\":\"PropertyValueSpecification\",\"valueRequired\":true,\"valueName\":\"search_term_string\"}}],\"inLanguage\":\"en-US\"},{\"@type\":\"Organization\",\"@id\":\"https:\\\/\\\/lingener-baumaschinen.de\\\/#organization\",\"name\":\"Lingener Baumaschinen\",\"alternateName\":\"Hersteller von Grabenfr\u00e4sen\",\"url\":\"https:\\\/\\\/lingener-baumaschinen.de\\\/\",\"logo\":{\"@type\":\"ImageObject\",\"inLanguage\":\"en-US\",\"@id\":\"https:\\\/\\\/lingener-baumaschinen.de\\\/#\\\/schema\\\/logo\\\/image\\\/\",\"url\":\"https:\\\/\\\/lingener-baumaschinen.de\\\/wp-content\\\/uploads\\\/2024\\\/03\\\/cropped-logo.webp\",\"contentUrl\":\"https:\\\/\\\/lingener-baumaschinen.de\\\/wp-content\\\/uploads\\\/2024\\\/03\\\/cropped-logo.webp\",\"width\":227,\"height\":69,\"caption\":\"Lingener Baumaschinen\"},\"image\":{\"@id\":\"https:\\\/\\\/lingener-baumaschinen.de\\\/#\\\/schema\\\/logo\\\/image\\\/\"},\"description\":\"Lingener Baumaschinen ist ein Unternehmen mit Sitz in Lingen (Ems), Deutschland sowie H\u00e4ndlern in praktisch allen Teilen der Welt, das auf die Herstellung, den Verkauf, die Vermietung und den Service von Grabenfr\u00e4sen spezialisiert ist. Das Unternehmen wurde 1969 gegr\u00fcndet und hat seitdem eine breite Palette von Produkten und Dienstleistungen entwickelt, die auf die Bed\u00fcrfnisse von Kunden in verschiedenen Branchen zugeschnitten sind.\",\"email\":\"info@lingener-baumaschinen.de\",\"telephone\":\"+49 (0) 591 76 314\",\"legalName\":\"Lingener Baumaschinen GmbH & Co. KG\",\"foundingDate\":\"1969-01-01\",\"vatID\":\"DE 154279934\"}]}<\/script>\n<!-- \/ Yoast SEO Premium plugin. -->","yoast_head_json":{"title":"Rental request - Lingener Baumaschinen","description":"Lingener Baumaschinen","robots":{"index":"index","follow":"follow","max-snippet":"max-snippet:-1","max-image-preview":"max-image-preview:large","max-video-preview":"max-video-preview:-1"},"canonical":"https:\/\/lingener-baumaschinen.de\/en\/rental-request\/","og_locale":"en_US","og_type":"article","og_title":"Rental request","og_description":"Lingener Baumaschinen","og_url":"https:\/\/lingener-baumaschinen.de\/en\/rental-request\/","og_site_name":"Lingener Baumaschinen","article_modified_time":"2025-11-18T09:54:02+00:00","og_image":[{"width":500,"height":108,"url":"https:\/\/lingener-baumaschinen.de\/wp-content\/uploads\/2023\/10\/2023-10-25-12_51_33-Willkommen-Lingener-Baumaschinen.jpg","type":"image\/jpeg"}],"twitter_card":"summary_large_image","schema":{"@context":"https:\/\/schema.org","@graph":[{"@type":"WebPage","@id":"https:\/\/lingener-baumaschinen.de\/en\/rental-request\/","url":"https:\/\/lingener-baumaschinen.de\/en\/rental-request\/","name":"Rental request - Lingener Baumaschinen","isPartOf":{"@id":"https:\/\/lingener-baumaschinen.de\/#website"},"datePublished":"2023-05-27T08:01:29+00:00","dateModified":"2025-11-18T09:54:02+00:00","description":"Lingener Baumaschinen","breadcrumb":{"@id":"https:\/\/lingener-baumaschinen.de\/en\/rental-request\/#breadcrumb"},"inLanguage":"en-US","potentialAction":[{"@type":"ReadAction","target":["https:\/\/lingener-baumaschinen.de\/en\/rental-request\/"]}]},{"@type":"BreadcrumbList","@id":"https:\/\/lingener-baumaschinen.de\/en\/rental-request\/#breadcrumb","itemListElement":[{"@type":"ListItem","position":1,"name":"Startseite","item":"https:\/\/lingener-baumaschinen.de\/en\/"},{"@type":"ListItem","position":2,"name":"Rental request"}]},{"@type":"WebSite","@id":"https:\/\/lingener-baumaschinen.de\/#website","url":"https:\/\/lingener-baumaschinen.de\/","name":"Lingener Baumaschinen","description":"Schneller und effizienter mit Grabenfr\u00e4sen arbeiten","publisher":{"@id":"https:\/\/lingener-baumaschinen.de\/#organization"},"alternateName":"LIBA Grabenfr\u00e4sen","potentialAction":[{"@type":"SearchAction","target":{"@type":"EntryPoint","urlTemplate":"https:\/\/lingener-baumaschinen.de\/?s={search_term_string}"},"query-input":{"@type":"PropertyValueSpecification","valueRequired":true,"valueName":"search_term_string"}}],"inLanguage":"en-US"},{"@type":"Organization","@id":"https:\/\/lingener-baumaschinen.de\/#organization","name":"Lingener Baumaschinen","alternateName":"Hersteller von Grabenfr\u00e4sen","url":"https:\/\/lingener-baumaschinen.de\/","logo":{"@type":"ImageObject","inLanguage":"en-US","@id":"https:\/\/lingener-baumaschinen.de\/#\/schema\/logo\/image\/","url":"https:\/\/lingener-baumaschinen.de\/wp-content\/uploads\/2024\/03\/cropped-logo.webp","contentUrl":"https:\/\/lingener-baumaschinen.de\/wp-content\/uploads\/2024\/03\/cropped-logo.webp","width":227,"height":69,"caption":"Lingener Baumaschinen"},"image":{"@id":"https:\/\/lingener-baumaschinen.de\/#\/schema\/logo\/image\/"},"description":"Lingener Baumaschinen ist ein Unternehmen mit Sitz in Lingen (Ems), Deutschland sowie H\u00e4ndlern in praktisch allen Teilen der Welt, das auf die Herstellung, den Verkauf, die Vermietung und den Service von Grabenfr\u00e4sen spezialisiert ist. Das Unternehmen wurde 1969 gegr\u00fcndet und hat seitdem eine breite Palette von Produkten und Dienstleistungen entwickelt, die auf die Bed\u00fcrfnisse von Kunden in verschiedenen Branchen zugeschnitten sind.","email":"info@lingener-baumaschinen.de","telephone":"+49 (0) 591 76 314","legalName":"Lingener Baumaschinen GmbH & Co. KG","foundingDate":"1969-01-01","vatID":"DE 154279934"}]}},"_links":{"self":[{"href":"https:\/\/lingener-baumaschinen.de\/en\/wp-json\/wp\/v2\/pages\/21337","targetHints":{"allow":["GET"]}}],"collection":[{"href":"https:\/\/lingener-baumaschinen.de\/en\/wp-json\/wp\/v2\/pages"}],"about":[{"href":"https:\/\/lingener-baumaschinen.de\/en\/wp-json\/wp\/v2\/types\/page"}],"author":[{"embeddable":true,"href":"https:\/\/lingener-baumaschinen.de\/en\/wp-json\/wp\/v2\/users\/1"}],"replies":[{"embeddable":true,"href":"https:\/\/lingener-baumaschinen.de\/en\/wp-json\/wp\/v2\/comments?post=21337"}],"version-history":[{"count":0,"href":"https:\/\/lingener-baumaschinen.de\/en\/wp-json\/wp\/v2\/pages\/21337\/revisions"}],"wp:attachment":[{"href":"https:\/\/lingener-baumaschinen.de\/en\/wp-json\/wp\/v2\/media?parent=21337"}],"curies":[{"name":"wp","href":"https:\/\/api.w.org\/{rel}","templated":true}]}}