{"id":22194,"date":"2023-03-13T09:59:50","date_gmt":"2023-03-13T09:59:50","guid":{"rendered":"https:\/\/lingener-baumaschinen.de\/pie-de-imprenta\/"},"modified":"2023-08-14T10:17:59","modified_gmt":"2023-08-14T10:17:59","slug":"pie-de-imprenta","status":"publish","type":"page","link":"https:\/\/lingener-baumaschinen.de\/es\/pie-de-imprenta\/","title":{"rendered":"Pie de imprenta"},"content":{"rendered":"\t\t<div data-elementor-type=\"wp-page\" data-elementor-id=\"22194\" class=\"elementor elementor-22194 elementor-14819\" data-elementor-post-type=\"page\">\n\t\t\t\t\t\t<section class=\"elementor-section elementor-top-section elementor-element elementor-element-0d101b6 elementor-section-boxed elementor-section-height-default elementor-section-height-default\" data-id=\"0d101b6\" data-element_type=\"section\" data-e-type=\"section\">\n\t\t\t\t\t\t<div class=\"elementor-container elementor-column-gap-default\">\n\t\t\t\t\t<div class=\"elementor-column elementor-col-100 elementor-top-column elementor-element elementor-element-8aec453\" data-id=\"8aec453\" data-element_type=\"column\" data-e-type=\"column\">\n\t\t\t<div class=\"elementor-widget-wrap elementor-element-populated\">\n\t\t\t\t\t\t<div class=\"elementor-element elementor-element-11c331b elementor-widget elementor-widget-erecht24\" data-id=\"11c331b\" data-element_type=\"widget\" data-e-type=\"widget\" data-widget_type=\"erecht24.default\">\n\t\t\t\t<div class=\"elementor-widget-container\">\n\t\t\t\t\t<div class=\"erecht24-elementor-widget\"><div style=\"word-wrap: break-word;\">\r\n\r\n<h2>Angaben gem\u00e4\u00df \u00a7 5 TMG<\/h2>\r\n<p>LIBA \u2013 Lingener Baumaschinen GmbH & Co. KG<br \/>\r\nDiekstrasse 59<br \/>\r\n49809 Lingen<\/p>\r\n\r\n<p>Handelsregister: HRA 100224<br \/>\r\nRegistergericht: Osnabr\u00fcck<\/p>\r\n\r\n<p><strong>Vertreten durch:<\/strong><br \/>\r\nLIBA \u2013 Lingener Baumaschinen GmbH<br \/>\r\nThorsten Schrader<\/p>\r\n\r\n<h2>Kontakt<\/h2>\r\n<p>Telefon: +49 (0)591 \u2013 76314<br \/>\r\nTelefax: +49 (0)591 \u2013 76547<br \/>\r\nE-Mail: info@lingener-baumaschinen.de<\/p>\r\n\r\n<h2>Umsatzsteuer-ID<\/h2>\r\n<p>Umsatzsteuer-Identifikationsnummer gem\u00e4\u00df \u00a7 27 a Umsatzsteuergesetz:<br \/>\r\nDE 154279934<\/p>\r\n<p>Zust\u00e4ndige Regulierungs- und Aufsichtsbeh\u00f6rde: Nieders\u00e4chsische Landesmedienanstalt (NLM), Seelhorststrasse 19, 30175 HannoverStuttgart, Telefon: +49 511 28477-0\r\nTelefax: +49 511 28477-36, E-Mail: info@nlm.de<\/p>\r\n\r\n<h2>Redaktionell verantwortlich<\/h2>\r\n<p>Kilian Schrader<br \/>\r\nDiekstrasse 59<br \/>\r\n49809 Lingen<\/p>\r\n\r\n<h2>EU-Streitschlichtung<\/h2>\r\n<p>Die Europ\u00e4ische Kommission stellt eine Plattform zur Online-Streitbeilegung (OS) bereit: <a href=\"https:\/\/ec.europa.eu\/consumers\/odr\/\" target=\"_self\" rel=\"noopener noreferrer\">https:\/\/ec.europa.eu\/consumers\/odr\/<\/a>.<br \/> Unsere E-Mail-Adresse finden Sie oben im Impressum.<\/p>\r\n\r\n<h2>Verbraucher\u00adstreit\u00adbeilegung\/Universal\u00adschlichtungs\u00adstelle<\/h2>\r\n<p>Wir sind nicht bereit oder verpflichtet, an Streitbeilegungsverfahren vor einer Verbraucherschlichtungsstelle teilzunehmen.<\/p>\r\n\r\n<p>Photolicence: depositphotos.com\/pressmaster depositphotos.com\/franky242<\/p><\/div><\/div>\t\t\t\t<\/div>\n\t\t\t\t<\/div>\n\t\t\t\t\t<\/div>\n\t\t<\/div>\n\t\t\t\t\t<\/div>\n\t\t<\/section>\n\t\t\t\t<section class=\"elementor-section elementor-top-section elementor-element elementor-element-5299cf5 elementor-section-boxed elementor-section-height-default elementor-section-height-default\" data-id=\"5299cf5\" data-element_type=\"section\" data-e-type=\"section\">\n\t\t\t\t\t\t<div class=\"elementor-container elementor-column-gap-default\">\n\t\t\t\t\t<div class=\"elementor-column elementor-col-100 elementor-top-column elementor-element elementor-element-5873bf7\" data-id=\"5873bf7\" data-element_type=\"column\" data-e-type=\"column\">\n\t\t\t<div class=\"elementor-widget-wrap elementor-element-populated\">\n\t\t\t\t\t\t<div class=\"elementor-element elementor-element-1fb65c2 elementor-widget elementor-widget-image\" data-id=\"1fb65c2\" data-element_type=\"widget\" data-e-type=\"widget\" data-widget_type=\"image.default\">\n\t\t\t\t<div class=\"elementor-widget-container\">\n\t\t\t\t\t\t\t\t\t\t\t\t\t\t\t<img decoding=\"async\" width=\"230\" height=\"80\" src=\"https:\/\/lingener-baumaschinen.de\/wp-content\/uploads\/2023\/07\/erecht24-grau-impressum-klein.png\" class=\"attachment-large size-large wp-image-19321\" alt=\"\" \/>\t\t\t\t\t\t\t\t\t\t\t\t\t\t\t<\/div>\n\t\t\t\t<\/div>\n\t\t\t\t\t<\/div>\n\t\t<\/div>\n\t\t\t\t\t<\/div>\n\t\t<\/section>\n\t\t\t\t<\/div>\n\t\t","protected":false},"excerpt":{"rendered":"<p>Angaben gem&auml;&szlig; &sect; 5 TMG LIBA &ndash; Lingener Baumaschinen GmbH &amp; Co. KG Diekstrasse 59 49809 Lingen Handelsregister: HRA 100224 Registergericht: Osnabr&uuml;ck Vertreten durch: LIBA &ndash; Lingener Baumaschinen GmbH Thorsten Schrader Kontakt Telefon: +49 (0)591 &ndash; 76314 Telefax: +49 (0)591 &ndash; 76547 E-Mail: info@lingener-baumaschinen.de Umsatzsteuer-ID Umsatzsteuer-Identifikationsnummer gem&auml;&szlig; &sect; 27 a Umsatzsteuergesetz: DE 154279934 Redaktionell verantwortlich &#8230; <a title=\"Pie de imprenta\" class=\"read-more\" href=\"https:\/\/lingener-baumaschinen.de\/es\/pie-de-imprenta\/\" aria-label=\"Leer m\u00e1s sobre Pie de imprenta\">Weiterlesen &#8230;<\/a><\/p>\n","protected":false},"author":1,"featured_media":0,"parent":0,"menu_order":0,"comment_status":"closed","ping_status":"closed","template":"","meta":{"ngg_post_thumbnail":0,"footnotes":""},"class_list":["post-22194","page","type-page","status-publish"],"yoast_head":"<!-- This site is optimized with the Yoast SEO Premium plugin v27.5 (Yoast SEO v27.5) - https:\/\/yoast.com\/product\/yoast-seo-premium-wordpress\/ -->\n<title>Pie de imprenta - Lingener Baumaschinen<\/title>\n<meta name=\"description\" content=\"Lingener Baumaschinen\" \/>\n<meta name=\"robots\" content=\"index, follow, max-snippet:-1, max-image-preview:large, max-video-preview:-1\" \/>\n<link rel=\"canonical\" href=\"https:\/\/lingener-baumaschinen.de\/es\/pie-de-imprenta\/\" \/>\n<meta property=\"og:locale\" content=\"es_ES\" \/>\n<meta property=\"og:type\" content=\"article\" \/>\n<meta property=\"og:title\" content=\"Pie de imprenta\" \/>\n<meta property=\"og:description\" content=\"Lingener Baumaschinen\" \/>\n<meta property=\"og:url\" content=\"https:\/\/lingener-baumaschinen.de\/es\/pie-de-imprenta\/\" \/>\n<meta property=\"og:site_name\" content=\"Lingener Baumaschinen\" \/>\n<meta property=\"article:modified_time\" content=\"2023-08-14T10:17:59+00:00\" \/>\n<meta property=\"og:image\" content=\"https:\/\/lingener-baumaschinen.de\/wp-content\/uploads\/2023\/07\/erecht24-grau-impressum-klein.png\" \/>\n<meta name=\"twitter:card\" content=\"summary_large_image\" \/>\n<script type=\"application\/ld+json\" class=\"yoast-schema-graph\">{\"@context\":\"https:\\\/\\\/schema.org\",\"@graph\":[{\"@type\":\"WebPage\",\"@id\":\"https:\\\/\\\/lingener-baumaschinen.de\\\/es\\\/pie-de-imprenta\\\/\",\"url\":\"https:\\\/\\\/lingener-baumaschinen.de\\\/es\\\/pie-de-imprenta\\\/\",\"name\":\"Pie de imprenta - Lingener Baumaschinen\",\"isPartOf\":{\"@id\":\"https:\\\/\\\/lingener-baumaschinen.de\\\/#website\"},\"primaryImageOfPage\":{\"@id\":\"https:\\\/\\\/lingener-baumaschinen.de\\\/es\\\/pie-de-imprenta\\\/#primaryimage\"},\"image\":{\"@id\":\"https:\\\/\\\/lingener-baumaschinen.de\\\/es\\\/pie-de-imprenta\\\/#primaryimage\"},\"thumbnailUrl\":\"https:\\\/\\\/lingener-baumaschinen.de\\\/wp-content\\\/uploads\\\/2023\\\/07\\\/erecht24-grau-impressum-klein.png\",\"datePublished\":\"2023-03-13T09:59:50+00:00\",\"dateModified\":\"2023-08-14T10:17:59+00:00\",\"description\":\"Lingener Baumaschinen\",\"breadcrumb\":{\"@id\":\"https:\\\/\\\/lingener-baumaschinen.de\\\/es\\\/pie-de-imprenta\\\/#breadcrumb\"},\"inLanguage\":\"es\",\"potentialAction\":[{\"@type\":\"ReadAction\",\"target\":[\"https:\\\/\\\/lingener-baumaschinen.de\\\/es\\\/pie-de-imprenta\\\/\"]}]},{\"@type\":\"ImageObject\",\"inLanguage\":\"es\",\"@id\":\"https:\\\/\\\/lingener-baumaschinen.de\\\/es\\\/pie-de-imprenta\\\/#primaryimage\",\"url\":\"https:\\\/\\\/lingener-baumaschinen.de\\\/wp-content\\\/uploads\\\/2023\\\/07\\\/erecht24-grau-impressum-klein.png\",\"contentUrl\":\"https:\\\/\\\/lingener-baumaschinen.de\\\/wp-content\\\/uploads\\\/2023\\\/07\\\/erecht24-grau-impressum-klein.png\"},{\"@type\":\"BreadcrumbList\",\"@id\":\"https:\\\/\\\/lingener-baumaschinen.de\\\/es\\\/pie-de-imprenta\\\/#breadcrumb\",\"itemListElement\":[{\"@type\":\"ListItem\",\"position\":1,\"name\":\"Startseite\",\"item\":\"https:\\\/\\\/lingener-baumaschinen.de\\\/es\\\/\"},{\"@type\":\"ListItem\",\"position\":2,\"name\":\"Pie de imprenta\"}]},{\"@type\":\"WebSite\",\"@id\":\"https:\\\/\\\/lingener-baumaschinen.de\\\/#website\",\"url\":\"https:\\\/\\\/lingener-baumaschinen.de\\\/\",\"name\":\"Lingener Baumaschinen\",\"description\":\"Schneller und effizienter mit Grabenfr\u00e4sen arbeiten\",\"publisher\":{\"@id\":\"https:\\\/\\\/lingener-baumaschinen.de\\\/#organization\"},\"alternateName\":\"LIBA Grabenfr\u00e4sen\",\"potentialAction\":[{\"@type\":\"SearchAction\",\"target\":{\"@type\":\"EntryPoint\",\"urlTemplate\":\"https:\\\/\\\/lingener-baumaschinen.de\\\/?s={search_term_string}\"},\"query-input\":{\"@type\":\"PropertyValueSpecification\",\"valueRequired\":true,\"valueName\":\"search_term_string\"}}],\"inLanguage\":\"es\"},{\"@type\":\"Organization\",\"@id\":\"https:\\\/\\\/lingener-baumaschinen.de\\\/#organization\",\"name\":\"Lingener Baumaschinen\",\"alternateName\":\"Hersteller von Grabenfr\u00e4sen\",\"url\":\"https:\\\/\\\/lingener-baumaschinen.de\\\/\",\"logo\":{\"@type\":\"ImageObject\",\"inLanguage\":\"es\",\"@id\":\"https:\\\/\\\/lingener-baumaschinen.de\\\/#\\\/schema\\\/logo\\\/image\\\/\",\"url\":\"https:\\\/\\\/lingener-baumaschinen.de\\\/wp-content\\\/uploads\\\/2024\\\/03\\\/cropped-logo.webp\",\"contentUrl\":\"https:\\\/\\\/lingener-baumaschinen.de\\\/wp-content\\\/uploads\\\/2024\\\/03\\\/cropped-logo.webp\",\"width\":227,\"height\":69,\"caption\":\"Lingener Baumaschinen\"},\"image\":{\"@id\":\"https:\\\/\\\/lingener-baumaschinen.de\\\/#\\\/schema\\\/logo\\\/image\\\/\"},\"description\":\"Lingener Baumaschinen ist ein Unternehmen mit Sitz in Lingen (Ems), Deutschland sowie H\u00e4ndlern in praktisch allen Teilen der Welt, das auf die Herstellung, den Verkauf, die Vermietung und den Service von Grabenfr\u00e4sen spezialisiert ist. Das Unternehmen wurde 1969 gegr\u00fcndet und hat seitdem eine breite Palette von Produkten und Dienstleistungen entwickelt, die auf die Bed\u00fcrfnisse von Kunden in verschiedenen Branchen zugeschnitten sind.\",\"email\":\"info@lingener-baumaschinen.de\",\"telephone\":\"+49 (0) 591 76 314\",\"legalName\":\"Lingener Baumaschinen GmbH & Co. KG\",\"foundingDate\":\"1969-01-01\",\"vatID\":\"DE 154279934\"}]}<\/script>\n<!-- \/ Yoast SEO Premium plugin. -->","yoast_head_json":{"title":"Pie de imprenta - Lingener Baumaschinen","description":"Lingener Baumaschinen","robots":{"index":"index","follow":"follow","max-snippet":"max-snippet:-1","max-image-preview":"max-image-preview:large","max-video-preview":"max-video-preview:-1"},"canonical":"https:\/\/lingener-baumaschinen.de\/es\/pie-de-imprenta\/","og_locale":"es_ES","og_type":"article","og_title":"Pie de imprenta","og_description":"Lingener Baumaschinen","og_url":"https:\/\/lingener-baumaschinen.de\/es\/pie-de-imprenta\/","og_site_name":"Lingener Baumaschinen","article_modified_time":"2023-08-14T10:17:59+00:00","og_image":[{"url":"https:\/\/lingener-baumaschinen.de\/wp-content\/uploads\/2023\/07\/erecht24-grau-impressum-klein.png","type":"","width":"","height":""}],"twitter_card":"summary_large_image","schema":{"@context":"https:\/\/schema.org","@graph":[{"@type":"WebPage","@id":"https:\/\/lingener-baumaschinen.de\/es\/pie-de-imprenta\/","url":"https:\/\/lingener-baumaschinen.de\/es\/pie-de-imprenta\/","name":"Pie de imprenta - Lingener Baumaschinen","isPartOf":{"@id":"https:\/\/lingener-baumaschinen.de\/#website"},"primaryImageOfPage":{"@id":"https:\/\/lingener-baumaschinen.de\/es\/pie-de-imprenta\/#primaryimage"},"image":{"@id":"https:\/\/lingener-baumaschinen.de\/es\/pie-de-imprenta\/#primaryimage"},"thumbnailUrl":"https:\/\/lingener-baumaschinen.de\/wp-content\/uploads\/2023\/07\/erecht24-grau-impressum-klein.png","datePublished":"2023-03-13T09:59:50+00:00","dateModified":"2023-08-14T10:17:59+00:00","description":"Lingener Baumaschinen","breadcrumb":{"@id":"https:\/\/lingener-baumaschinen.de\/es\/pie-de-imprenta\/#breadcrumb"},"inLanguage":"es","potentialAction":[{"@type":"ReadAction","target":["https:\/\/lingener-baumaschinen.de\/es\/pie-de-imprenta\/"]}]},{"@type":"ImageObject","inLanguage":"es","@id":"https:\/\/lingener-baumaschinen.de\/es\/pie-de-imprenta\/#primaryimage","url":"https:\/\/lingener-baumaschinen.de\/wp-content\/uploads\/2023\/07\/erecht24-grau-impressum-klein.png","contentUrl":"https:\/\/lingener-baumaschinen.de\/wp-content\/uploads\/2023\/07\/erecht24-grau-impressum-klein.png"},{"@type":"BreadcrumbList","@id":"https:\/\/lingener-baumaschinen.de\/es\/pie-de-imprenta\/#breadcrumb","itemListElement":[{"@type":"ListItem","position":1,"name":"Startseite","item":"https:\/\/lingener-baumaschinen.de\/es\/"},{"@type":"ListItem","position":2,"name":"Pie de imprenta"}]},{"@type":"WebSite","@id":"https:\/\/lingener-baumaschinen.de\/#website","url":"https:\/\/lingener-baumaschinen.de\/","name":"Lingener Baumaschinen","description":"Schneller und effizienter mit Grabenfr\u00e4sen arbeiten","publisher":{"@id":"https:\/\/lingener-baumaschinen.de\/#organization"},"alternateName":"LIBA Grabenfr\u00e4sen","potentialAction":[{"@type":"SearchAction","target":{"@type":"EntryPoint","urlTemplate":"https:\/\/lingener-baumaschinen.de\/?s={search_term_string}"},"query-input":{"@type":"PropertyValueSpecification","valueRequired":true,"valueName":"search_term_string"}}],"inLanguage":"es"},{"@type":"Organization","@id":"https:\/\/lingener-baumaschinen.de\/#organization","name":"Lingener Baumaschinen","alternateName":"Hersteller von Grabenfr\u00e4sen","url":"https:\/\/lingener-baumaschinen.de\/","logo":{"@type":"ImageObject","inLanguage":"es","@id":"https:\/\/lingener-baumaschinen.de\/#\/schema\/logo\/image\/","url":"https:\/\/lingener-baumaschinen.de\/wp-content\/uploads\/2024\/03\/cropped-logo.webp","contentUrl":"https:\/\/lingener-baumaschinen.de\/wp-content\/uploads\/2024\/03\/cropped-logo.webp","width":227,"height":69,"caption":"Lingener Baumaschinen"},"image":{"@id":"https:\/\/lingener-baumaschinen.de\/#\/schema\/logo\/image\/"},"description":"Lingener Baumaschinen ist ein Unternehmen mit Sitz in Lingen (Ems), Deutschland sowie H\u00e4ndlern in praktisch allen Teilen der Welt, das auf die Herstellung, den Verkauf, die Vermietung und den Service von Grabenfr\u00e4sen spezialisiert ist. Das Unternehmen wurde 1969 gegr\u00fcndet und hat seitdem eine breite Palette von Produkten und Dienstleistungen entwickelt, die auf die Bed\u00fcrfnisse von Kunden in verschiedenen Branchen zugeschnitten sind.","email":"info@lingener-baumaschinen.de","telephone":"+49 (0) 591 76 314","legalName":"Lingener Baumaschinen GmbH & Co. KG","foundingDate":"1969-01-01","vatID":"DE 154279934"}]}},"_links":{"self":[{"href":"https:\/\/lingener-baumaschinen.de\/es\/wp-json\/wp\/v2\/pages\/22194","targetHints":{"allow":["GET"]}}],"collection":[{"href":"https:\/\/lingener-baumaschinen.de\/es\/wp-json\/wp\/v2\/pages"}],"about":[{"href":"https:\/\/lingener-baumaschinen.de\/es\/wp-json\/wp\/v2\/types\/page"}],"author":[{"embeddable":true,"href":"https:\/\/lingener-baumaschinen.de\/es\/wp-json\/wp\/v2\/users\/1"}],"replies":[{"embeddable":true,"href":"https:\/\/lingener-baumaschinen.de\/es\/wp-json\/wp\/v2\/comments?post=22194"}],"version-history":[{"count":0,"href":"https:\/\/lingener-baumaschinen.de\/es\/wp-json\/wp\/v2\/pages\/22194\/revisions"}],"wp:attachment":[{"href":"https:\/\/lingener-baumaschinen.de\/es\/wp-json\/wp\/v2\/media?parent=22194"}],"curies":[{"name":"wp","href":"https:\/\/api.w.org\/{rel}","templated":true}]}}