{"id":22157,"date":"2023-03-13T09:58:55","date_gmt":"2023-03-13T09:58:55","guid":{"rendered":"https:\/\/lingener-baumaschinen.de\/contact-2\/"},"modified":"2023-08-14T10:18:02","modified_gmt":"2023-08-14T10:18:02","slug":"contact-2","status":"publish","type":"page","link":"https:\/\/lingener-baumaschinen.de\/fr\/contact-2\/","title":{"rendered":"Contact"},"content":{"rendered":"\t\t<div data-elementor-type=\"wp-page\" data-elementor-id=\"22157\" class=\"elementor elementor-22157 elementor-14816\" data-elementor-post-type=\"page\">\n\t\t\t\t\t\t<section class=\"elementor-section elementor-top-section elementor-element elementor-element-56770d8 elementor-section-boxed elementor-section-height-default elementor-section-height-default\" data-id=\"56770d8\" data-element_type=\"section\" data-e-type=\"section\">\n\t\t\t\t\t\t<div class=\"elementor-container elementor-column-gap-default\">\n\t\t\t\t\t<div class=\"elementor-column elementor-col-50 elementor-top-column elementor-element elementor-element-f12b1dc\" data-id=\"f12b1dc\" data-element_type=\"column\" data-e-type=\"column\">\n\t\t\t<div class=\"elementor-widget-wrap elementor-element-populated\">\n\t\t\t\t\t\t<div class=\"elementor-element elementor-element-b864e94 elementor-align-center elementor-widget elementor-widget-button\" data-id=\"b864e94\" data-element_type=\"widget\" data-e-type=\"widget\" data-widget_type=\"button.default\">\n\t\t\t\t<div class=\"elementor-widget-container\">\n\t\t\t\t\t\t\t\t\t<div class=\"elementor-button-wrapper\">\n\t\t\t\t\t<a class=\"elementor-button elementor-button-link elementor-size-sm\" href=\"https:\/\/lingener-baumaschinen.de\/fr\/demande-de-location\/\">\n\t\t\t\t\t\t<span class=\"elementor-button-content-wrapper\">\n\t\t\t\t\t\t\t\t\t<span class=\"elementor-button-text\">Demande de location<\/span>\n\t\t\t\t\t<\/span>\n\t\t\t\t\t<\/a>\n\t\t\t\t<\/div>\n\t\t\t\t\t\t\t\t<\/div>\n\t\t\t\t<\/div>\n\t\t\t\t\t<\/div>\n\t\t<\/div>\n\t\t\t\t<div class=\"elementor-column elementor-col-50 elementor-top-column elementor-element elementor-element-c870b8e\" data-id=\"c870b8e\" data-element_type=\"column\" data-e-type=\"column\">\n\t\t\t<div class=\"elementor-widget-wrap elementor-element-populated\">\n\t\t\t\t\t\t<div class=\"elementor-element elementor-element-0d164de elementor-align-center elementor-widget elementor-widget-button\" data-id=\"0d164de\" data-element_type=\"widget\" data-e-type=\"widget\" data-widget_type=\"button.default\">\n\t\t\t\t<div class=\"elementor-widget-container\">\n\t\t\t\t\t\t\t\t\t<div class=\"elementor-button-wrapper\">\n\t\t\t\t\t<a class=\"elementor-button elementor-button-link elementor-size-sm\" href=\"https:\/\/lingener-baumaschinen.de\/fr\/demande-dachat\/\">\n\t\t\t\t\t\t<span class=\"elementor-button-content-wrapper\">\n\t\t\t\t\t\t\t\t\t<span class=\"elementor-button-text\">Demande d'achat<\/span>\n\t\t\t\t\t<\/span>\n\t\t\t\t\t<\/a>\n\t\t\t\t<\/div>\n\t\t\t\t\t\t\t\t<\/div>\n\t\t\t\t<\/div>\n\t\t\t\t\t<\/div>\n\t\t<\/div>\n\t\t\t\t\t<\/div>\n\t\t<\/section>\n\t\t\t\t<\/div>\n\t\t","protected":false},"excerpt":{"rendered":"<p>Demande de location Demande d&rsquo;achat<\/p>\n","protected":false},"author":1,"featured_media":0,"parent":0,"menu_order":0,"comment_status":"closed","ping_status":"closed","template":"","meta":{"ngg_post_thumbnail":0,"footnotes":""},"class_list":["post-22157","page","type-page","status-publish"],"yoast_head":"<!-- This site is optimized with the Yoast SEO Premium plugin v27.4 (Yoast SEO v27.4) - https:\/\/yoast.com\/product\/yoast-seo-premium-wordpress\/ -->\n<title>Contact - Lingener Baumaschinen<\/title>\n<meta name=\"description\" content=\"Lingener Baumaschinen\" \/>\n<meta name=\"robots\" content=\"index, follow, max-snippet:-1, max-image-preview:large, max-video-preview:-1\" \/>\n<link rel=\"canonical\" href=\"https:\/\/lingener-baumaschinen.de\/fr\/contact-2\/\" \/>\n<meta property=\"og:locale\" content=\"fr_FR\" \/>\n<meta property=\"og:type\" content=\"article\" \/>\n<meta property=\"og:title\" content=\"Contact\" \/>\n<meta property=\"og:description\" content=\"Lingener Baumaschinen\" \/>\n<meta property=\"og:url\" content=\"https:\/\/lingener-baumaschinen.de\/fr\/contact-2\/\" \/>\n<meta property=\"og:site_name\" content=\"Lingener Baumaschinen\" \/>\n<meta property=\"article:modified_time\" content=\"2023-08-14T10:18:02+00:00\" \/>\n<meta property=\"og:image\" content=\"https:\/\/lingener-baumaschinen.de\/wp-content\/uploads\/2023\/10\/2023-10-25-12_51_33-Willkommen-Lingener-Baumaschinen.jpg\" \/>\n\t<meta property=\"og:image:width\" content=\"500\" \/>\n\t<meta property=\"og:image:height\" content=\"108\" \/>\n\t<meta property=\"og:image:type\" content=\"image\/jpeg\" \/>\n<meta name=\"twitter:card\" content=\"summary_large_image\" \/>\n<script type=\"application\/ld+json\" class=\"yoast-schema-graph\">{\"@context\":\"https:\\\/\\\/schema.org\",\"@graph\":[{\"@type\":\"WebPage\",\"@id\":\"https:\\\/\\\/lingener-baumaschinen.de\\\/fr\\\/contact-2\\\/\",\"url\":\"https:\\\/\\\/lingener-baumaschinen.de\\\/fr\\\/contact-2\\\/\",\"name\":\"Contact - Lingener Baumaschinen\",\"isPartOf\":{\"@id\":\"https:\\\/\\\/lingener-baumaschinen.de\\\/#website\"},\"datePublished\":\"2023-03-13T09:58:55+00:00\",\"dateModified\":\"2023-08-14T10:18:02+00:00\",\"description\":\"Lingener Baumaschinen\",\"breadcrumb\":{\"@id\":\"https:\\\/\\\/lingener-baumaschinen.de\\\/fr\\\/contact-2\\\/#breadcrumb\"},\"inLanguage\":\"fr-FR\",\"potentialAction\":[{\"@type\":\"ReadAction\",\"target\":[\"https:\\\/\\\/lingener-baumaschinen.de\\\/fr\\\/contact-2\\\/\"]}]},{\"@type\":\"BreadcrumbList\",\"@id\":\"https:\\\/\\\/lingener-baumaschinen.de\\\/fr\\\/contact-2\\\/#breadcrumb\",\"itemListElement\":[{\"@type\":\"ListItem\",\"position\":1,\"name\":\"Startseite\",\"item\":\"https:\\\/\\\/lingener-baumaschinen.de\\\/fr\\\/\"},{\"@type\":\"ListItem\",\"position\":2,\"name\":\"Contact\"}]},{\"@type\":\"WebSite\",\"@id\":\"https:\\\/\\\/lingener-baumaschinen.de\\\/#website\",\"url\":\"https:\\\/\\\/lingener-baumaschinen.de\\\/\",\"name\":\"Lingener Baumaschinen\",\"description\":\"Schneller und effizienter mit Grabenfr\u00e4sen arbeiten\",\"publisher\":{\"@id\":\"https:\\\/\\\/lingener-baumaschinen.de\\\/#organization\"},\"alternateName\":\"LIBA Grabenfr\u00e4sen\",\"potentialAction\":[{\"@type\":\"SearchAction\",\"target\":{\"@type\":\"EntryPoint\",\"urlTemplate\":\"https:\\\/\\\/lingener-baumaschinen.de\\\/?s={search_term_string}\"},\"query-input\":{\"@type\":\"PropertyValueSpecification\",\"valueRequired\":true,\"valueName\":\"search_term_string\"}}],\"inLanguage\":\"fr-FR\"},{\"@type\":\"Organization\",\"@id\":\"https:\\\/\\\/lingener-baumaschinen.de\\\/#organization\",\"name\":\"Lingener Baumaschinen\",\"alternateName\":\"Hersteller von Grabenfr\u00e4sen\",\"url\":\"https:\\\/\\\/lingener-baumaschinen.de\\\/\",\"logo\":{\"@type\":\"ImageObject\",\"inLanguage\":\"fr-FR\",\"@id\":\"https:\\\/\\\/lingener-baumaschinen.de\\\/#\\\/schema\\\/logo\\\/image\\\/\",\"url\":\"https:\\\/\\\/lingener-baumaschinen.de\\\/wp-content\\\/uploads\\\/2024\\\/03\\\/cropped-logo.webp\",\"contentUrl\":\"https:\\\/\\\/lingener-baumaschinen.de\\\/wp-content\\\/uploads\\\/2024\\\/03\\\/cropped-logo.webp\",\"width\":227,\"height\":69,\"caption\":\"Lingener Baumaschinen\"},\"image\":{\"@id\":\"https:\\\/\\\/lingener-baumaschinen.de\\\/#\\\/schema\\\/logo\\\/image\\\/\"},\"description\":\"Lingener Baumaschinen ist ein Unternehmen mit Sitz in Lingen (Ems), Deutschland sowie H\u00e4ndlern in praktisch allen Teilen der Welt, das auf die Herstellung, den Verkauf, die Vermietung und den Service von Grabenfr\u00e4sen spezialisiert ist. Das Unternehmen wurde 1969 gegr\u00fcndet und hat seitdem eine breite Palette von Produkten und Dienstleistungen entwickelt, die auf die Bed\u00fcrfnisse von Kunden in verschiedenen Branchen zugeschnitten sind.\",\"email\":\"info@lingener-baumaschinen.de\",\"telephone\":\"+49 (0) 591 76 314\",\"legalName\":\"Lingener Baumaschinen GmbH & Co. KG\",\"foundingDate\":\"1969-01-01\",\"vatID\":\"DE 154279934\"}]}<\/script>\n<!-- \/ Yoast SEO Premium plugin. -->","yoast_head_json":{"title":"Contact - Lingener Baumaschinen","description":"Lingener Baumaschinen","robots":{"index":"index","follow":"follow","max-snippet":"max-snippet:-1","max-image-preview":"max-image-preview:large","max-video-preview":"max-video-preview:-1"},"canonical":"https:\/\/lingener-baumaschinen.de\/fr\/contact-2\/","og_locale":"fr_FR","og_type":"article","og_title":"Contact","og_description":"Lingener Baumaschinen","og_url":"https:\/\/lingener-baumaschinen.de\/fr\/contact-2\/","og_site_name":"Lingener Baumaschinen","article_modified_time":"2023-08-14T10:18:02+00:00","og_image":[{"width":500,"height":108,"url":"https:\/\/lingener-baumaschinen.de\/wp-content\/uploads\/2023\/10\/2023-10-25-12_51_33-Willkommen-Lingener-Baumaschinen.jpg","type":"image\/jpeg"}],"twitter_card":"summary_large_image","schema":{"@context":"https:\/\/schema.org","@graph":[{"@type":"WebPage","@id":"https:\/\/lingener-baumaschinen.de\/fr\/contact-2\/","url":"https:\/\/lingener-baumaschinen.de\/fr\/contact-2\/","name":"Contact - Lingener Baumaschinen","isPartOf":{"@id":"https:\/\/lingener-baumaschinen.de\/#website"},"datePublished":"2023-03-13T09:58:55+00:00","dateModified":"2023-08-14T10:18:02+00:00","description":"Lingener Baumaschinen","breadcrumb":{"@id":"https:\/\/lingener-baumaschinen.de\/fr\/contact-2\/#breadcrumb"},"inLanguage":"fr-FR","potentialAction":[{"@type":"ReadAction","target":["https:\/\/lingener-baumaschinen.de\/fr\/contact-2\/"]}]},{"@type":"BreadcrumbList","@id":"https:\/\/lingener-baumaschinen.de\/fr\/contact-2\/#breadcrumb","itemListElement":[{"@type":"ListItem","position":1,"name":"Startseite","item":"https:\/\/lingener-baumaschinen.de\/fr\/"},{"@type":"ListItem","position":2,"name":"Contact"}]},{"@type":"WebSite","@id":"https:\/\/lingener-baumaschinen.de\/#website","url":"https:\/\/lingener-baumaschinen.de\/","name":"Lingener Baumaschinen","description":"Schneller und effizienter mit Grabenfr\u00e4sen arbeiten","publisher":{"@id":"https:\/\/lingener-baumaschinen.de\/#organization"},"alternateName":"LIBA Grabenfr\u00e4sen","potentialAction":[{"@type":"SearchAction","target":{"@type":"EntryPoint","urlTemplate":"https:\/\/lingener-baumaschinen.de\/?s={search_term_string}"},"query-input":{"@type":"PropertyValueSpecification","valueRequired":true,"valueName":"search_term_string"}}],"inLanguage":"fr-FR"},{"@type":"Organization","@id":"https:\/\/lingener-baumaschinen.de\/#organization","name":"Lingener Baumaschinen","alternateName":"Hersteller von Grabenfr\u00e4sen","url":"https:\/\/lingener-baumaschinen.de\/","logo":{"@type":"ImageObject","inLanguage":"fr-FR","@id":"https:\/\/lingener-baumaschinen.de\/#\/schema\/logo\/image\/","url":"https:\/\/lingener-baumaschinen.de\/wp-content\/uploads\/2024\/03\/cropped-logo.webp","contentUrl":"https:\/\/lingener-baumaschinen.de\/wp-content\/uploads\/2024\/03\/cropped-logo.webp","width":227,"height":69,"caption":"Lingener Baumaschinen"},"image":{"@id":"https:\/\/lingener-baumaschinen.de\/#\/schema\/logo\/image\/"},"description":"Lingener Baumaschinen ist ein Unternehmen mit Sitz in Lingen (Ems), Deutschland sowie H\u00e4ndlern in praktisch allen Teilen der Welt, das auf die Herstellung, den Verkauf, die Vermietung und den Service von Grabenfr\u00e4sen spezialisiert ist. Das Unternehmen wurde 1969 gegr\u00fcndet und hat seitdem eine breite Palette von Produkten und Dienstleistungen entwickelt, die auf die Bed\u00fcrfnisse von Kunden in verschiedenen Branchen zugeschnitten sind.","email":"info@lingener-baumaschinen.de","telephone":"+49 (0) 591 76 314","legalName":"Lingener Baumaschinen GmbH & Co. KG","foundingDate":"1969-01-01","vatID":"DE 154279934"}]}},"_links":{"self":[{"href":"https:\/\/lingener-baumaschinen.de\/fr\/wp-json\/wp\/v2\/pages\/22157","targetHints":{"allow":["GET"]}}],"collection":[{"href":"https:\/\/lingener-baumaschinen.de\/fr\/wp-json\/wp\/v2\/pages"}],"about":[{"href":"https:\/\/lingener-baumaschinen.de\/fr\/wp-json\/wp\/v2\/types\/page"}],"author":[{"embeddable":true,"href":"https:\/\/lingener-baumaschinen.de\/fr\/wp-json\/wp\/v2\/users\/1"}],"replies":[{"embeddable":true,"href":"https:\/\/lingener-baumaschinen.de\/fr\/wp-json\/wp\/v2\/comments?post=22157"}],"version-history":[{"count":0,"href":"https:\/\/lingener-baumaschinen.de\/fr\/wp-json\/wp\/v2\/pages\/22157\/revisions"}],"wp:attachment":[{"href":"https:\/\/lingener-baumaschinen.de\/fr\/wp-json\/wp\/v2\/media?parent=22157"}],"curies":[{"name":"wp","href":"https:\/\/api.w.org\/{rel}","templated":true}]}}